{"id":330,"date":"2016-02-29T13:10:37","date_gmt":"2016-02-29T13:10:37","guid":{"rendered":"http:\/\/test.kriesi.at\/travel\/?page_id=2"},"modified":"2019-07-30T18:13:26","modified_gmt":"2019-07-30T21:13:26","slug":"welcome","status":"publish","type":"page","link":"https:\/\/prospectse.com.br\/","title":{"rendered":"inicial"},"content":{"rendered":"<\/div><\/div><\/div><!-- close content main div --><\/div><\/div><div id='full_slider_1' class='avia-fullwidth-slider main_color avia-shadow   container_wrap sidebar_right'   ><div  data-size='featured'  data-lightbox_size='large'  data-animation='slide_up'  data-ids='826'  data-video_counter='0'  data-autoplay='false'  data-bg_slider='false'  data-slide_height=''  data-handle='av_slideshow_full'  data-interval='6'  data-class=' '  data-css_id=''  data-scroll_down=''  data-control_layout='av-control-minimal'  data-custom_markup=''  data-perma_caption=''  data-autoplay_stopper=''  data-image_attachment=''  data-min_height='0px'  data-src=''  data-position='top left'  data-repeat='no-repeat'  data-attach='scroll'  data-stretch=''  data-default-height='28.666666666667'  class='avia-slideshow avia-slideshow-1  av-control-minimal av-default-height-applied avia-slideshow-featured av_slideshow_full   avia-slide_up-slider '  itemprop=\"ImageObject\" itemscope=\"itemscope\" itemtype=\"https:\/\/schema.org\/ImageObject\" ><ul class='avia-slideshow-inner' style='padding-bottom: 31.478770131772%;'><li  class=' av-single-slide slide-1 ' ><div data-rel='slideshow-1' class='avia-slide-wrap'  ><img src='https:\/\/prospectse.com.br\/wp-content\/uploads\/2016\/02\/SOLU\u00c7\u00d5ES-1-1366x430.jpg' width='1366' height='430' title='SOLU\u00c7\u00d5ES' alt=''  itemprop=\"thumbnailUrl\"   \/><\/div><\/li><\/ul><\/div><\/div>\n<\/div><\/div><\/div><!-- close content main div --><\/div><\/div><div id='av-layout-grid-1' class='av-layout-grid-container entry-content-wrapper main_color av-flex-cells    container_wrap sidebar_right'   >\n<a class=\"av-screen-reader-only\" href=https:\/\/prospectse.com.br\/?page_id=515 >Link to: Perfil<\/a><div class=\"flex_cell no_margin av_one_third   avia-full-stretch avia-link-column \" style='background: #063c4f; vertical-align:top; padding:50px; background-color:#063c4f; ' data-link-column-url=\"https:\/\/prospectse.com.br\/?page_id=515\" ><div class='flex_cell_inner' ><p><span class=\"av_font_icon avia_animate_when_visible  av-icon-style-border  avia-icon-pos-center \" style=\"color:#ffffff; border-color:#ffffff;\"><span class='av-icon-char' style='font-size:70px;line-height:70px;width:70px;' aria-hidden='true' data-av_icon='\ue84b' data-av_iconfont='entypo-fontello' ><\/span><\/span><br \/>\n<section class=\"av_textblock_section \"  itemscope=\"itemscope\" itemtype=\"https:\/\/schema.org\/CreativeWork\" ><div class='avia_textblock  av_inherit_color '  style='color:#ffffff; '  itemprop=\"text\" ><p style=\"text-align: center;\"><strong>EMPRESA<\/strong><\/p>\n<\/div><\/section><\/p>\n<\/div><\/div><a class=\"av-screen-reader-only\" href=https:\/\/prospectse.com.br\/?page_id=509 >Link to: \u00c1REA DE DESENVOLVIMENTO<\/a><div class=\"flex_cell no_margin av_one_third   avia-full-stretch avia-link-column \" style='background: #917223; vertical-align:top; padding:50px; background-color:#917223; ' data-link-column-url=\"https:\/\/prospectse.com.br\/?page_id=509\" ><div class='flex_cell_inner' ><p><span class=\"av_font_icon avia_animate_when_visible  av-icon-style-border  avia-icon-pos-center \" style=\"color:#ffffff; border-color:#ffffff;\"><span class='av-icon-char' style='font-size:70px;line-height:70px;width:70px;' aria-hidden='true' data-av_icon='\ue8bb' data-av_iconfont='entypo-fontello' ><\/span><\/span><br \/>\n<section class=\"av_textblock_section \"  itemscope=\"itemscope\" itemtype=\"https:\/\/schema.org\/CreativeWork\" ><div class='avia_textblock  av_inherit_color '  style='color:#ffffff; '  itemprop=\"text\" ><p style=\"text-align: center;\"><strong>\u00c1REA DE DESENVOLVIMENTO<\/strong><\/p>\n<\/div><\/section><\/p>\n<\/div><\/div><a class=\"av-screen-reader-only\" href=https:\/\/prospectse.com.br\/?page_id=513 >Link to: Contato<\/a><div class=\"flex_cell no_margin av_one_third   avia-full-stretch avia-link-column \" style='background: #063c4f; vertical-align:top; padding:50px 50px 90px 50px ; background-color:#063c4f; ' data-link-column-url=\"https:\/\/prospectse.com.br\/?page_id=513\" ><div class='flex_cell_inner' ><p><span class=\"av_font_icon avia_animate_when_visible  av-icon-style-border  avia-icon-pos-center \" style=\"color:#ffffff; border-color:#ffffff;\"><span class='av-icon-char' style='font-size:70px;line-height:70px;width:70px;' aria-hidden='true' data-av_icon='\ue854' data-av_iconfont='entypo-fontello' ><\/span><\/span><br \/>\n<section class=\"av_textblock_section \"  itemscope=\"itemscope\" itemtype=\"https:\/\/schema.org\/CreativeWork\" ><div class='avia_textblock  av_inherit_color '  style='color:#ffffff; '  itemprop=\"text\" ><p style=\"text-align: center;\"><strong>CONTATO<\/strong><\/p>\n<\/div><\/section><\/p>\n<\/div><\/div><\/div>\n","protected":false},"excerpt":{"rendered":"","protected":false},"author":1,"featured_media":0,"parent":0,"menu_order":0,"comment_status":"closed","ping_status":"open","template":"","meta":{"footnotes":""},"class_list":["post-330","page","type-page","status-publish","hentry"],"_links":{"self":[{"href":"https:\/\/prospectse.com.br\/index.php?rest_route=\/wp\/v2\/pages\/330"}],"collection":[{"href":"https:\/\/prospectse.com.br\/index.php?rest_route=\/wp\/v2\/pages"}],"about":[{"href":"https:\/\/prospectse.com.br\/index.php?rest_route=\/wp\/v2\/types\/page"}],"author":[{"embeddable":true,"href":"https:\/\/prospectse.com.br\/index.php?rest_route=\/wp\/v2\/users\/1"}],"replies":[{"embeddable":true,"href":"https:\/\/prospectse.com.br\/index.php?rest_route=%2Fwp%2Fv2%2Fcomments&post=330"}],"version-history":[{"count":24,"href":"https:\/\/prospectse.com.br\/index.php?rest_route=\/wp\/v2\/pages\/330\/revisions"}],"predecessor-version":[{"id":917,"href":"https:\/\/prospectse.com.br\/index.php?rest_route=\/wp\/v2\/pages\/330\/revisions\/917"}],"wp:attachment":[{"href":"https:\/\/prospectse.com.br\/index.php?rest_route=%2Fwp%2Fv2%2Fmedia&parent=330"}],"curies":[{"name":"wp","href":"https:\/\/api.w.org\/{rel}","templated":true}]}}